{"id":146,"date":"2021-09-29T06:26:50","date_gmt":"2021-09-29T06:26:50","guid":{"rendered":"https:\/\/pastrymachinery.com\/?page_id=146"},"modified":"2024-05-21T18:33:15","modified_gmt":"2024-05-21T10:33:15","slug":"about-us","status":"publish","type":"page","link":"https:\/\/pastrymachinery.com\/es\/about-us\/","title":{"rendered":"Sobre nosotros"},"content":{"rendered":"<div data-elementor-type=\"wp-page\" data-elementor-id=\"146\" class=\"elementor elementor-146\" data-elementor-post-type=\"page\"> \t\t\t\t<div class=\"elementor-element elementor-element-de6465c e-flex e-con-boxed e-con e-parent\" data-id=\"de6465c\" data-element_type=\"container\" data-e-type=\"container\"> \t\t\t\t\t<div class=\"e-con-inner\"> \t\t<div class=\"elementor-element elementor-element-2213753 e-con-full e-flex e-con e-child\" data-id=\"2213753\" data-element_type=\"container\" data-e-type=\"container\"> \t\t\t\t<div class=\"elementor-element elementor-element-5d8c1d4 elementor-widget elementor-widget-image\" data-id=\"5d8c1d4\" data-element_type=\"widget\" data-e-type=\"widget\" data-widget_type=\"image.default\"> \t\t\t\t<div class=\"elementor-widget-container\"> \t\t\t\t\t\t\t\t\t\t\t\t\t\t\t<img fetchpriority=\"high\" decoding=\"async\" width=\"596\" height=\"399\" src=\"https:\/\/pastrymachinery.com\/wp-content\/uploads\/2021\/10\/the-company.jpg\" class=\"attachment-full size-full wp-image-245\" alt=\"la empresa\" srcset=\"https:\/\/pastrymachinery.com\/wp-content\/uploads\/2021\/10\/the-company.jpg 596w, https:\/\/pastrymachinery.com\/wp-content\/uploads\/2021\/10\/the-company-300x201.jpg 300w\" sizes=\"(max-width: 596px) 100vw, 596px\" title=\"\">\t\t\t\t\t\t\t\t\t\t\t\t\t\t\t<\/div> \t\t\t\t<\/div> \t\t\t\t<\/div> \t\t<div class=\"elementor-element elementor-element-69a67e2 e-con-full e-flex e-con e-child\" data-id=\"69a67e2\" data-element_type=\"container\" data-e-type=\"container\"> \t\t\t\t<div class=\"elementor-element elementor-element-7a87749 elementor-widget elementor-widget-heading\" data-id=\"7a87749\" data-element_type=\"widget\" data-e-type=\"widget\" data-widget_type=\"heading.default\"> \t\t\t\t<div class=\"elementor-widget-container\"> \t\t\t\t\t<h4 class=\"elementor-heading-title elementor-size-default\">Sobre la empresa<\/h4>\t\t\t\t<\/div> \t\t\t\t<\/div> \t\t\t\t<div class=\"elementor-element elementor-element-1a96c61 elementor-widget elementor-widget-text-editor\" data-id=\"1a96c61\" data-element_type=\"widget\" data-e-type=\"widget\" data-widget_type=\"text-editor.default\"> \t\t\t\t<div class=\"elementor-widget-container\"> \t\t\t\t\t\t\t\t\t<p>Zhengzhou Taizy Machinery Co., Ltd. es una empresa profesional de maquinaria de procesamiento de pasteler\u00eda. Nuestra empresa se dedica a la producci\u00f3n y venta de m\u00e1quinas de pasteler\u00eda desde hace m\u00e1s de diez a\u00f1os. Nuestro objetivo es proporcionar a los clientes m\u00e1quinas de pasteler\u00eda de alta calidad y alta eficiencia.<\/p><p>Proporcionamos m\u00e1quinas y l\u00edneas de producci\u00f3n para pasteler\u00eda. Nuestros productos principales son m\u00e1quinas de panader\u00eda y m\u00e1quinas de moldeo, incluyendo m\u00e1quinas para rollitos de primavera, m\u00e1quinas para hacer pan pita, m\u00e1quinas para hacer galletas, m\u00e1quinas para samosas y otras.<\/p>\t\t\t\t\t\t\t\t<\/div> \t\t\t\t<\/div> \t\t\t\t<\/div> \t\t\t\t\t<\/div> \t\t\t\t<\/div> \t\t<div class=\"elementor-element elementor-element-23d5f28 e-flex e-con-boxed e-con e-parent\" data-id=\"23d5f28\" data-element_type=\"container\" data-e-type=\"container\"> \t\t\t\t\t<div class=\"e-con-inner\"> \t\t<div class=\"elementor-element elementor-element-2ae6ac2 e-con-full e-flex e-con e-child\" data-id=\"2ae6ac2\" data-element_type=\"container\" data-e-type=\"container\"> \t\t\t\t<div class=\"elementor-element elementor-element-a6cd775 elementor-widget elementor-widget-heading\" data-id=\"a6cd775\" data-element_type=\"widget\" data-e-type=\"widget\" data-widget_type=\"heading.default\"> \t\t\t\t<div class=\"elementor-widget-container\"> \t\t\t\t\t<h4 class=\"elementor-heading-title elementor-size-default\">Por qu\u00e9 elegirnos<\/h4>\t\t\t\t<\/div> \t\t\t\t<\/div> \t\t\t\t<div class=\"elementor-element elementor-element-79978be elementor-widget elementor-widget-text-editor\" data-id=\"79978be\" data-element_type=\"widget\" data-e-type=\"widget\" data-widget_type=\"text-editor.default\"> \t\t\t\t<div class=\"elementor-widget-container\"> \t\t\t\t\t\t\t\t\t<p>Hacemos una gran inversi\u00f3n en destacados expertos mec\u00e1nicos como consultores. Y escuchamos los comentarios de los clientes y mejoramos constantemente el dise\u00f1o de la m\u00e1quina. Despu\u00e9s de a\u00f1os de arduo trabajo, hemos producido m\u00e1quinas relativamente maduras y perfectas.<\/p><p>Y nuestras m\u00e1quinas se venden en el pa\u00eds y en el extranjero. Actualmente, nuestra m\u00e1quina se ha exportado a Indonesia, Dubai, Sri Lanka, Serbia, Argentina, Pa\u00edses Bajos, Nueva Zelanda, Estados Unidos y otros pa\u00edses.<\/p><p>Podemos personalizar soluciones de dise\u00f1o \u00fanicas para los clientes, proporcionar cotizaciones detalladas de acuerdo con los requisitos del cliente y brindar cuidadosos servicios de orientaci\u00f3n posventa de acuerdo con los sitios del cliente.<\/p>\t\t\t\t\t\t\t\t<\/div> \t\t\t\t<\/div> \t\t\t\t<\/div> \t\t<div class=\"elementor-element elementor-element-f6f7185 e-con-full e-flex e-con e-child\" data-id=\"f6f7185\" data-element_type=\"container\" data-e-type=\"container\"> \t\t\t\t<div class=\"elementor-element elementor-element-539327b elementor-widget elementor-widget-image\" data-id=\"539327b\" data-element_type=\"widget\" data-e-type=\"widget\" data-widget_type=\"image.default\"> \t\t\t\t<div class=\"elementor-widget-container\"> \t\t\t\t\t\t\t\t\t\t\t\t\t\t\t<img decoding=\"async\" width=\"710\" height=\"588\" src=\"https:\/\/pastrymachinery.com\/wp-content\/uploads\/2021\/10\/the-worker.jpg\" class=\"attachment-full size-full wp-image-246\" alt=\"el trabajador\" srcset=\"https:\/\/pastrymachinery.com\/wp-content\/uploads\/2021\/10\/the-worker.jpg 710w, https:\/\/pastrymachinery.com\/wp-content\/uploads\/2021\/10\/the-worker-300x248.jpg 300w\" sizes=\"(max-width: 710px) 100vw, 710px\" title=\"\">\t\t\t\t\t\t\t\t\t\t\t\t\t\t\t<\/div> \t\t\t\t<\/div> \t\t\t\t<\/div> \t\t\t\t\t<\/div> \t\t\t\t<\/div> \t\t\t\t<\/div>","protected":false},"excerpt":{"rendered":"<p>About the company Zhengzhou Taizy Machinery Co., Ltd. is a professional pastry processing machinery company. Our company has been engaged in the production and sales of pastry machines for more than ten years. Our goal is to provide customers with high-quality and high-efficiency pastry machines. We provide pastry-making machines and production lines. Our main products [&hellip;]<\/p>\n","protected":false},"author":1,"featured_media":0,"parent":0,"menu_order":0,"comment_status":"closed","ping_status":"closed","template":"","meta":{"footnotes":""},"class_list":["post-146","page","type-page","status-publish","hentry"],"_links":{"self":[{"href":"https:\/\/pastrymachinery.com\/es\/wp-json\/wp\/v2\/pages\/146","targetHints":{"allow":["GET"]}}],"collection":[{"href":"https:\/\/pastrymachinery.com\/es\/wp-json\/wp\/v2\/pages"}],"about":[{"href":"https:\/\/pastrymachinery.com\/es\/wp-json\/wp\/v2\/types\/page"}],"author":[{"embeddable":true,"href":"https:\/\/pastrymachinery.com\/es\/wp-json\/wp\/v2\/users\/1"}],"replies":[{"embeddable":true,"href":"https:\/\/pastrymachinery.com\/es\/wp-json\/wp\/v2\/comments?post=146"}],"version-history":[{"count":0,"href":"https:\/\/pastrymachinery.com\/es\/wp-json\/wp\/v2\/pages\/146\/revisions"}],"wp:attachment":[{"href":"https:\/\/pastrymachinery.com\/es\/wp-json\/wp\/v2\/media?parent=146"}],"curies":[{"name":"wp","href":"https:\/\/api.w.org\/{rel}","templated":true}]}}