{"id":146,"date":"2021-09-29T06:26:50","date_gmt":"2021-09-29T06:26:50","guid":{"rendered":"https:\/\/pastrymachinery.com\/?page_id=146"},"modified":"2024-05-21T18:33:15","modified_gmt":"2024-05-21T10:33:15","slug":"about-us","status":"publish","type":"page","link":"https:\/\/pastrymachinery.com\/fr\/about-us\/","title":{"rendered":"\u00c0 propos de nous"},"content":{"rendered":"<div data-elementor-type=\"wp-page\" data-elementor-id=\"146\" class=\"elementor elementor-146\" data-elementor-post-type=\"page\"> \t\t\t\t<div class=\"elementor-element elementor-element-de6465c e-flex e-con-boxed e-con e-parent\" data-id=\"de6465c\" data-element_type=\"container\" data-e-type=\"container\"> \t\t\t\t\t<div class=\"e-con-inner\"> \t\t<div class=\"elementor-element elementor-element-2213753 e-con-full e-flex e-con e-child\" data-id=\"2213753\" data-element_type=\"container\" data-e-type=\"container\"> \t\t\t\t<div class=\"elementor-element elementor-element-5d8c1d4 elementor-widget elementor-widget-image\" data-id=\"5d8c1d4\" data-element_type=\"widget\" data-e-type=\"widget\" data-widget_type=\"image.default\"> \t\t\t\t<div class=\"elementor-widget-container\"> \t\t\t\t\t\t\t\t\t\t\t\t\t\t\t<img fetchpriority=\"high\" decoding=\"async\" width=\"596\" height=\"399\" src=\"https:\/\/pastrymachinery.com\/wp-content\/uploads\/2021\/10\/the-company.jpg\" class=\"attachment-full size-full wp-image-245\" alt=\"l&#039;entreprise\" srcset=\"https:\/\/pastrymachinery.com\/wp-content\/uploads\/2021\/10\/the-company.jpg 596w, https:\/\/pastrymachinery.com\/wp-content\/uploads\/2021\/10\/the-company-300x201.jpg 300w\" sizes=\"(max-width: 596px) 100vw, 596px\" title=\"\">\t\t\t\t\t\t\t\t\t\t\t\t\t\t\t<\/div> \t\t\t\t<\/div> \t\t\t\t<\/div> \t\t<div class=\"elementor-element elementor-element-69a67e2 e-con-full e-flex e-con e-child\" data-id=\"69a67e2\" data-element_type=\"container\" data-e-type=\"container\"> \t\t\t\t<div class=\"elementor-element elementor-element-7a87749 elementor-widget elementor-widget-heading\" data-id=\"7a87749\" data-element_type=\"widget\" data-e-type=\"widget\" data-widget_type=\"heading.default\"> \t\t\t\t<div class=\"elementor-widget-container\"> \t\t\t\t\t<h4 class=\"elementor-heading-title elementor-size-default\">\u00c0 propos de l'entreprise<\/h4>\t\t\t\t<\/div> \t\t\t\t<\/div> \t\t\t\t<div class=\"elementor-element elementor-element-1a96c61 elementor-widget elementor-widget-text-editor\" data-id=\"1a96c61\" data-element_type=\"widget\" data-e-type=\"widget\" data-widget_type=\"text-editor.default\"> \t\t\t\t<div class=\"elementor-widget-container\"> \t\t\t\t\t\t\t\t\t<p>Zhengzhou Taizy Machinery Co., Ltd. est une entreprise professionnelle de machines de transformation de p\u00e2tisserie. Notre entreprise est engag\u00e9e dans la production et la vente de machines \u00e0 p\u00e2tisserie depuis plus de dix ans. Notre objectif est de fournir \u00e0 nos clients des machines \u00e0 p\u00e2tisserie de haute qualit\u00e9 et \u00e0 haut rendement.<\/p><p>Nous fournissons des machines et des lignes de production pour la p\u00e2tisserie. Nos principaux produits sont les machines de boulangerie et les machines de moulage, notamment la machine \u00e0 rouleaux imp\u00e9riaux, la machine \u00e0 pain pita, la machine \u00e0 biscuits, la machine \u00e0 samosa et autres.<\/p>\t\t\t\t\t\t\t\t<\/div> \t\t\t\t<\/div> \t\t\t\t<\/div> \t\t\t\t\t<\/div> \t\t\t\t<\/div> \t\t<div class=\"elementor-element elementor-element-23d5f28 e-flex e-con-boxed e-con e-parent\" data-id=\"23d5f28\" data-element_type=\"container\" data-e-type=\"container\"> \t\t\t\t\t<div class=\"e-con-inner\"> \t\t<div class=\"elementor-element elementor-element-2ae6ac2 e-con-full e-flex e-con e-child\" data-id=\"2ae6ac2\" data-element_type=\"container\" data-e-type=\"container\"> \t\t\t\t<div class=\"elementor-element elementor-element-a6cd775 elementor-widget elementor-widget-heading\" data-id=\"a6cd775\" data-element_type=\"widget\" data-e-type=\"widget\" data-widget_type=\"heading.default\"> \t\t\t\t<div class=\"elementor-widget-container\"> \t\t\t\t\t<h4 class=\"elementor-heading-title elementor-size-default\">Pourquoi nous choisir<\/h4>\t\t\t\t<\/div> \t\t\t\t<\/div> \t\t\t\t<div class=\"elementor-element elementor-element-79978be elementor-widget elementor-widget-text-editor\" data-id=\"79978be\" data-element_type=\"widget\" data-e-type=\"widget\" data-widget_type=\"text-editor.default\"> \t\t\t\t<div class=\"elementor-widget-container\"> \t\t\t\t\t\t\t\t\t<p>Nous investissons beaucoup dans des experts en m\u00e9canique exceptionnels en tant que consultants. Et nous \u00e9coutons les commentaires des clients et am\u00e9liorons constamment la conception de la machine. Apr\u00e8s des ann\u00e9es de travail acharn\u00e9, nous avons produit des machines relativement matures et parfaites.<\/p><p>Et nos machines sont vendues dans le pays et \u00e0 l'\u00e9tranger. \u00c0 l'heure actuelle, notre machine a \u00e9t\u00e9 export\u00e9e vers l'Indon\u00e9sie, Duba\u00ef, le Sri Lanka, la Serbie, l'Argentine, les Pays-Bas, la Nouvelle-Z\u00e9lande, les \u00c9tats-Unis et d'autres pays.<\/p><p>Nous pouvons personnaliser des solutions de conception uniques pour les clients, fournir des devis d\u00e9taill\u00e9s en fonction des exigences du client, fournir des services d'orientation apr\u00e8s-vente minutieux en fonction des sites des clients.<\/p>\t\t\t\t\t\t\t\t<\/div> \t\t\t\t<\/div> \t\t\t\t<\/div> \t\t<div class=\"elementor-element elementor-element-f6f7185 e-con-full e-flex e-con e-child\" data-id=\"f6f7185\" data-element_type=\"container\" data-e-type=\"container\"> \t\t\t\t<div class=\"elementor-element elementor-element-539327b elementor-widget elementor-widget-image\" data-id=\"539327b\" data-element_type=\"widget\" data-e-type=\"widget\" data-widget_type=\"image.default\"> \t\t\t\t<div class=\"elementor-widget-container\"> \t\t\t\t\t\t\t\t\t\t\t\t\t\t\t<img decoding=\"async\" width=\"710\" height=\"588\" src=\"https:\/\/pastrymachinery.com\/wp-content\/uploads\/2021\/10\/the-worker.jpg\" class=\"attachment-full size-full wp-image-246\" alt=\"le travailleur\" srcset=\"https:\/\/pastrymachinery.com\/wp-content\/uploads\/2021\/10\/the-worker.jpg 710w, https:\/\/pastrymachinery.com\/wp-content\/uploads\/2021\/10\/the-worker-300x248.jpg 300w\" sizes=\"(max-width: 710px) 100vw, 710px\" title=\"\">\t\t\t\t\t\t\t\t\t\t\t\t\t\t\t<\/div> \t\t\t\t<\/div> \t\t\t\t<\/div> \t\t\t\t\t<\/div> \t\t\t\t<\/div> \t\t\t\t<\/div>","protected":false},"excerpt":{"rendered":"<p>About the company Zhengzhou Taizy Machinery Co., Ltd. is a professional pastry processing machinery company. Our company has been engaged in the production and sales of pastry machines for more than ten years. Our goal is to provide customers with high-quality and high-efficiency pastry machines. We provide pastry-making machines and production lines. Our main products [&hellip;]<\/p>\n","protected":false},"author":1,"featured_media":0,"parent":0,"menu_order":0,"comment_status":"closed","ping_status":"closed","template":"","meta":{"footnotes":""},"class_list":["post-146","page","type-page","status-publish","hentry"],"_links":{"self":[{"href":"https:\/\/pastrymachinery.com\/fr\/wp-json\/wp\/v2\/pages\/146","targetHints":{"allow":["GET"]}}],"collection":[{"href":"https:\/\/pastrymachinery.com\/fr\/wp-json\/wp\/v2\/pages"}],"about":[{"href":"https:\/\/pastrymachinery.com\/fr\/wp-json\/wp\/v2\/types\/page"}],"author":[{"embeddable":true,"href":"https:\/\/pastrymachinery.com\/fr\/wp-json\/wp\/v2\/users\/1"}],"replies":[{"embeddable":true,"href":"https:\/\/pastrymachinery.com\/fr\/wp-json\/wp\/v2\/comments?post=146"}],"version-history":[{"count":0,"href":"https:\/\/pastrymachinery.com\/fr\/wp-json\/wp\/v2\/pages\/146\/revisions"}],"wp:attachment":[{"href":"https:\/\/pastrymachinery.com\/fr\/wp-json\/wp\/v2\/media?parent=146"}],"curies":[{"name":"wp","href":"https:\/\/api.w.org\/{rel}","templated":true}]}}