{"id":146,"date":"2021-09-29T06:26:50","date_gmt":"2021-09-29T06:26:50","guid":{"rendered":"https:\/\/pastrymachinery.com\/?page_id=146"},"modified":"2024-05-21T18:33:15","modified_gmt":"2024-05-21T10:33:15","slug":"about-us","status":"publish","type":"page","link":"https:\/\/pastrymachinery.com\/tr\/about-us\/","title":{"rendered":"Hakk\u0131m\u0131zda"},"content":{"rendered":"<div data-elementor-type=\"wp-page\" data-elementor-id=\"146\" class=\"elementor elementor-146\" data-elementor-post-type=\"page\"> \t\t\t\t<div class=\"elementor-element elementor-element-de6465c e-flex e-con-boxed e-con e-parent\" data-id=\"de6465c\" data-element_type=\"container\" data-e-type=\"container\"> \t\t\t\t\t<div class=\"e-con-inner\"> \t\t<div class=\"elementor-element elementor-element-2213753 e-con-full e-flex e-con e-child\" data-id=\"2213753\" data-element_type=\"container\" data-e-type=\"container\"> \t\t\t\t<div class=\"elementor-element elementor-element-5d8c1d4 elementor-widget elementor-widget-image\" data-id=\"5d8c1d4\" data-element_type=\"widget\" data-e-type=\"widget\" data-widget_type=\"image.default\"> \t\t\t\t<div class=\"elementor-widget-container\"> \t\t\t\t\t\t\t\t\t\t\t\t\t\t\t<img fetchpriority=\"high\" decoding=\"async\" width=\"596\" height=\"399\" src=\"https:\/\/pastrymachinery.com\/wp-content\/uploads\/2021\/10\/the-company.jpg\" class=\"attachment-full size-full wp-image-245\" alt=\"\u015firket\" srcset=\"https:\/\/pastrymachinery.com\/wp-content\/uploads\/2021\/10\/the-company.jpg 596w, https:\/\/pastrymachinery.com\/wp-content\/uploads\/2021\/10\/the-company-300x201.jpg 300w\" sizes=\"(max-width: 596px) 100vw, 596px\" title=\"\">\t\t\t\t\t\t\t\t\t\t\t\t\t\t\t<\/div> \t\t\t\t<\/div> \t\t\t\t<\/div> \t\t<div class=\"elementor-element elementor-element-69a67e2 e-con-full e-flex e-con e-child\" data-id=\"69a67e2\" data-element_type=\"container\" data-e-type=\"container\"> \t\t\t\t<div class=\"elementor-element elementor-element-7a87749 elementor-widget elementor-widget-heading\" data-id=\"7a87749\" data-element_type=\"widget\" data-e-type=\"widget\" data-widget_type=\"heading.default\"> \t\t\t\t<div class=\"elementor-widget-container\"> \t\t\t\t\t<h4 class=\"elementor-heading-title elementor-size-default\">\u015eirket hakk\u0131nda<\/h4>\t\t\t\t<\/div> \t\t\t\t<\/div> \t\t\t\t<div class=\"elementor-element elementor-element-1a96c61 elementor-widget elementor-widget-text-editor\" data-id=\"1a96c61\" data-element_type=\"widget\" data-e-type=\"widget\" data-widget_type=\"text-editor.default\"> \t\t\t\t<div class=\"elementor-widget-container\"> \t\t\t\t\t\t\t\t\t<p>Zhengzhou Taizy Machinery Co., Ltd. profesyonel bir pasta i\u015fleme makine \u015firketidir. Firmam\u0131z on y\u0131l\u0131 a\u015fk\u0131n s\u00fcredir pastac\u0131l\u0131k makinalar\u0131 imalat\u0131 ve sat\u0131\u015f\u0131 yapmaktad\u0131r. Amac\u0131m\u0131z m\u00fc\u015fterilerimize y\u00fcksek kaliteli ve y\u00fcksek verimli pasta makineleri sunmakt\u0131r.<\/p><p>Pasta yapma makineleri ve \u00fcretim hatlar\u0131 sa\u011fl\u0131yoruz. Ana \u00fcr\u00fcnlerimiz, sigara b\u00f6re\u011fi makinesi, pide ekmek makinesi, bisk\u00fcvi makinesi, samosa makinesi ve di\u011ferleri dahil olmak \u00fczere f\u0131r\u0131n makineleri ve kal\u0131plama makineleridir.<\/p>\t\t\t\t\t\t\t\t<\/div> \t\t\t\t<\/div> \t\t\t\t<\/div> \t\t\t\t\t<\/div> \t\t\t\t<\/div> \t\t<div class=\"elementor-element elementor-element-23d5f28 e-flex e-con-boxed e-con e-parent\" data-id=\"23d5f28\" data-element_type=\"container\" data-e-type=\"container\"> \t\t\t\t\t<div class=\"e-con-inner\"> \t\t<div class=\"elementor-element elementor-element-2ae6ac2 e-con-full e-flex e-con e-child\" data-id=\"2ae6ac2\" data-element_type=\"container\" data-e-type=\"container\"> \t\t\t\t<div class=\"elementor-element elementor-element-a6cd775 elementor-widget elementor-widget-heading\" data-id=\"a6cd775\" data-element_type=\"widget\" data-e-type=\"widget\" data-widget_type=\"heading.default\"> \t\t\t\t<div class=\"elementor-widget-container\"> \t\t\t\t\t<h4 class=\"elementor-heading-title elementor-size-default\">Neden Bizi Se\u00e7melisiniz?<\/h4>\t\t\t\t<\/div> \t\t\t\t<\/div> \t\t\t\t<div class=\"elementor-element elementor-element-79978be elementor-widget elementor-widget-text-editor\" data-id=\"79978be\" data-element_type=\"widget\" data-e-type=\"widget\" data-widget_type=\"text-editor.default\"> \t\t\t\t<div class=\"elementor-widget-container\"> \t\t\t\t\t\t\t\t\t<p>Dan\u0131\u015fman olarak se\u00e7kin mekanik uzmanlara b\u00fcy\u00fck yat\u0131r\u0131m yap\u0131yoruz. M\u00fc\u015fterilerimizden gelen geri bildirimleri dinliyor ve makine tasar\u0131m\u0131n\u0131 s\u00fcrekli geli\u015ftiriyoruz. Y\u0131llar s\u00fcren s\u0131k\u0131 \u00e7al\u0131\u015fman\u0131n ard\u0131ndan nispeten olgun ve m\u00fckemmel makineler \u00fcrettik.<\/p><p>Ve makinelerimiz yurt i\u00e7i ve yurt d\u0131\u015f\u0131nda sat\u0131lmaktad\u0131r. \u015eu anda makinemiz Endonezya, Dubai, Sri Lanka, S\u0131rbistan, Arjantin, Hollanda, Yeni Zelanda, Amerika Birle\u015fik Devletleri ve di\u011fer \u00fclkelere ihra\u00e7 edilmi\u015ftir.<\/p><p>M\u00fc\u015fteriler i\u00e7in benzersiz tasar\u0131m \u00e7\u00f6z\u00fcmleri \u00f6zelle\u015ftirebilir, m\u00fc\u015fteri gereksinimlerine g\u00f6re ayr\u0131nt\u0131l\u0131 teklifler sunabilir, m\u00fc\u015fteri sitelerine g\u00f6re dikkatli sat\u0131\u015f sonras\u0131 rehberlik hizmetleri sa\u011flayabiliriz.<\/p>\t\t\t\t\t\t\t\t<\/div> \t\t\t\t<\/div> \t\t\t\t<\/div> \t\t<div class=\"elementor-element elementor-element-f6f7185 e-con-full e-flex e-con e-child\" data-id=\"f6f7185\" data-element_type=\"container\" data-e-type=\"container\"> \t\t\t\t<div class=\"elementor-element elementor-element-539327b elementor-widget elementor-widget-image\" data-id=\"539327b\" data-element_type=\"widget\" data-e-type=\"widget\" data-widget_type=\"image.default\"> \t\t\t\t<div class=\"elementor-widget-container\"> \t\t\t\t\t\t\t\t\t\t\t\t\t\t\t<img decoding=\"async\" width=\"710\" height=\"588\" src=\"https:\/\/pastrymachinery.com\/wp-content\/uploads\/2021\/10\/the-worker.jpg\" class=\"attachment-full size-full wp-image-246\" alt=\"i\u015f\u00e7i\" srcset=\"https:\/\/pastrymachinery.com\/wp-content\/uploads\/2021\/10\/the-worker.jpg 710w, https:\/\/pastrymachinery.com\/wp-content\/uploads\/2021\/10\/the-worker-300x248.jpg 300w\" sizes=\"(max-width: 710px) 100vw, 710px\" title=\"\">\t\t\t\t\t\t\t\t\t\t\t\t\t\t\t<\/div> \t\t\t\t<\/div> \t\t\t\t<\/div> \t\t\t\t\t<\/div> \t\t\t\t<\/div> \t\t\t\t<\/div>","protected":false},"excerpt":{"rendered":"<p>About the company Zhengzhou Taizy Machinery Co., Ltd. is a professional pastry processing machinery company. Our company has been engaged in the production and sales of pastry machines for more than ten years. Our goal is to provide customers with high-quality and high-efficiency pastry machines. We provide pastry-making machines and production lines. Our main products [&hellip;]<\/p>\n","protected":false},"author":1,"featured_media":0,"parent":0,"menu_order":0,"comment_status":"closed","ping_status":"closed","template":"","meta":{"footnotes":""},"class_list":["post-146","page","type-page","status-publish","hentry"],"_links":{"self":[{"href":"https:\/\/pastrymachinery.com\/tr\/wp-json\/wp\/v2\/pages\/146","targetHints":{"allow":["GET"]}}],"collection":[{"href":"https:\/\/pastrymachinery.com\/tr\/wp-json\/wp\/v2\/pages"}],"about":[{"href":"https:\/\/pastrymachinery.com\/tr\/wp-json\/wp\/v2\/types\/page"}],"author":[{"embeddable":true,"href":"https:\/\/pastrymachinery.com\/tr\/wp-json\/wp\/v2\/users\/1"}],"replies":[{"embeddable":true,"href":"https:\/\/pastrymachinery.com\/tr\/wp-json\/wp\/v2\/comments?post=146"}],"version-history":[{"count":0,"href":"https:\/\/pastrymachinery.com\/tr\/wp-json\/wp\/v2\/pages\/146\/revisions"}],"wp:attachment":[{"href":"https:\/\/pastrymachinery.com\/tr\/wp-json\/wp\/v2\/media?parent=146"}],"curies":[{"name":"wp","href":"https:\/\/api.w.org\/{rel}","templated":true}]}}