{"id":146,"date":"2021-09-29T06:26:50","date_gmt":"2021-09-29T06:26:50","guid":{"rendered":"https:\/\/pastrymachinery.com\/?page_id=146"},"modified":"2024-05-21T18:33:15","modified_gmt":"2024-05-21T10:33:15","slug":"about-us","status":"publish","type":"page","link":"https:\/\/pastrymachinery.com\/vi\/about-us\/","title":{"rendered":"V\u1ec1 ch\u00fang t\u00f4i"},"content":{"rendered":"<div data-elementor-type=\"wp-page\" data-elementor-id=\"146\" class=\"elementor elementor-146\" data-elementor-post-type=\"page\"> \t\t\t\t<div class=\"elementor-element elementor-element-de6465c e-flex e-con-boxed e-con e-parent\" data-id=\"de6465c\" data-element_type=\"container\" data-e-type=\"container\"> \t\t\t\t\t<div class=\"e-con-inner\"> \t\t<div class=\"elementor-element elementor-element-2213753 e-con-full e-flex e-con e-child\" data-id=\"2213753\" data-element_type=\"container\" data-e-type=\"container\"> \t\t\t\t<div class=\"elementor-element elementor-element-5d8c1d4 elementor-widget elementor-widget-image\" data-id=\"5d8c1d4\" data-element_type=\"widget\" data-e-type=\"widget\" data-widget_type=\"image.default\"> \t\t\t\t<div class=\"elementor-widget-container\"> \t\t\t\t\t\t\t\t\t\t\t\t\t\t\t<img fetchpriority=\"high\" decoding=\"async\" width=\"596\" height=\"399\" src=\"https:\/\/pastrymachinery.com\/wp-content\/uploads\/2021\/10\/the-company.jpg\" class=\"attachment-full size-full wp-image-245\" alt=\"c\u00f4ng ty\" srcset=\"https:\/\/pastrymachinery.com\/wp-content\/uploads\/2021\/10\/the-company.jpg 596w, https:\/\/pastrymachinery.com\/wp-content\/uploads\/2021\/10\/the-company-300x201.jpg 300w\" sizes=\"(max-width: 596px) 100vw, 596px\" title=\"\">\t\t\t\t\t\t\t\t\t\t\t\t\t\t\t<\/div> \t\t\t\t<\/div> \t\t\t\t<\/div> \t\t<div class=\"elementor-element elementor-element-69a67e2 e-con-full e-flex e-con e-child\" data-id=\"69a67e2\" data-element_type=\"container\" data-e-type=\"container\"> \t\t\t\t<div class=\"elementor-element elementor-element-7a87749 elementor-widget elementor-widget-heading\" data-id=\"7a87749\" data-element_type=\"widget\" data-e-type=\"widget\" data-widget_type=\"heading.default\"> \t\t\t\t<div class=\"elementor-widget-container\"> \t\t\t\t\t<h4 class=\"elementor-heading-title elementor-size-default\">V\u1ec1 c\u00f4ng ty<\/h4>\t\t\t\t<\/div> \t\t\t\t<\/div> \t\t\t\t<div class=\"elementor-element elementor-element-1a96c61 elementor-widget elementor-widget-text-editor\" data-id=\"1a96c61\" data-element_type=\"widget\" data-e-type=\"widget\" data-widget_type=\"text-editor.default\"> \t\t\t\t<div class=\"elementor-widget-container\"> \t\t\t\t\t\t\t\t\t<p>Zhengzhou Taizy Machinery Co., Ltd. l\u00e0 m\u1ed9t c\u00f4ng ty m\u00e1y m\u00f3c ch\u1ebf bi\u1ebfn b\u00e1nh ng\u1ecdt chuy\u00ean nghi\u1ec7p. C\u00f4ng ty ch\u00fang t\u00f4i \u0111\u00e3 ho\u1ea1t \u0111\u1ed9ng s\u1ea3n xu\u1ea5t v\u00e0 kinh doanh m\u00e1y l\u00e0m b\u00e1nh ng\u1ecdt trong h\u01a1n m\u01b0\u1eddi n\u0103m. M\u1ee5c ti\u00eau c\u1ee7a ch\u00fang t\u00f4i l\u00e0 cung c\u1ea5p cho kh\u00e1ch h\u00e0ng nh\u1eefng chi\u1ebfc m\u00e1y l\u00e0m b\u00e1nh ng\u1ecdt ch\u1ea5t l\u01b0\u1ee3ng v\u00e0 hi\u1ec7u qu\u1ea3 cao.<\/p><p>Ch\u00fang t\u00f4i cung c\u1ea5p m\u00e1y m\u00f3c v\u00e0 d\u00e2y chuy\u1ec1n s\u1ea3n xu\u1ea5t b\u00e1nh ng\u1ecdt. S\u1ea3n ph\u1ea9m ch\u00ednh c\u1ee7a ch\u00fang t\u00f4i l\u00e0 m\u00e1y l\u00e0m b\u00e1nh v\u00e0 m\u00e1y \u0111\u00fac khu\u00f4n, bao g\u1ed3m m\u00e1y ch\u1ea3 gi\u00f2, m\u00e1y l\u00e0m b\u00e1nh m\u00ec pita, m\u00e1y l\u00e0m b\u00e1nh quy, m\u00e1y samosa v\u00e0 c\u00e1c lo\u1ea1i kh\u00e1c.<\/p>\t\t\t\t\t\t\t\t<\/div> \t\t\t\t<\/div> \t\t\t\t<\/div> \t\t\t\t\t<\/div> \t\t\t\t<\/div> \t\t<div class=\"elementor-element elementor-element-23d5f28 e-flex e-con-boxed e-con e-parent\" data-id=\"23d5f28\" data-element_type=\"container\" data-e-type=\"container\"> \t\t\t\t\t<div class=\"e-con-inner\"> \t\t<div class=\"elementor-element elementor-element-2ae6ac2 e-con-full e-flex e-con e-child\" data-id=\"2ae6ac2\" data-element_type=\"container\" data-e-type=\"container\"> \t\t\t\t<div class=\"elementor-element elementor-element-a6cd775 elementor-widget elementor-widget-heading\" data-id=\"a6cd775\" data-element_type=\"widget\" data-e-type=\"widget\" data-widget_type=\"heading.default\"> \t\t\t\t<div class=\"elementor-widget-container\"> \t\t\t\t\t<h4 class=\"elementor-heading-title elementor-size-default\">T\u1ea1i sao ch\u1ecdn ch\u00fang t\u00f4i<\/h4>\t\t\t\t<\/div> \t\t\t\t<\/div> \t\t\t\t<div class=\"elementor-element elementor-element-79978be elementor-widget elementor-widget-text-editor\" data-id=\"79978be\" data-element_type=\"widget\" data-e-type=\"widget\" data-widget_type=\"text-editor.default\"> \t\t\t\t<div class=\"elementor-widget-container\"> \t\t\t\t\t\t\t\t\t<p>Ch\u00fang t\u00f4i \u0111\u1ea7u t\u01b0 l\u1edbn v\u00e0o \u0111\u1ed9i ng\u0169 chuy\u00ean gia c\u01a1 kh\u00ed xu\u1ea5t s\u1eafc l\u00e0m c\u1ed1 v\u1ea5n. V\u00e0 ch\u00fang t\u00f4i l\u1eafng nghe ph\u1ea3n h\u1ed3i t\u1eeb kh\u00e1ch h\u00e0ng v\u00e0 kh\u00f4ng ng\u1eebng c\u1ea3i ti\u1ebfn thi\u1ebft k\u1ebf m\u00e1y. Sau nhi\u1ec1u n\u0103m l\u00e0m vi\u1ec7c ch\u0103m ch\u1ec9, ch\u00fang t\u00f4i \u0111\u00e3 t\u1ea1o ra nh\u1eefng c\u1ed7 m\u00e1y t\u01b0\u01a1ng \u0111\u1ed1i ho\u00e0n thi\u1ec7n v\u00e0 ho\u00e0n h\u1ea3o.<\/p><p>V\u00e0 m\u00e1y c\u1ee7a ch\u00fang t\u00f4i \u0111\u01b0\u1ee3c b\u00e1n trong v\u00e0 ngo\u00e0i n\u01b0\u1edbc. Hi\u1ec7n t\u1ea1i, m\u00e1y c\u1ee7a ch\u00fang t\u00f4i \u0111\u00e3 \u0111\u01b0\u1ee3c xu\u1ea5t kh\u1ea9u sang Indonesia, Dubai, Sri Lanka, Serbia, Argentina, H\u00e0 Lan, New Zealand, Hoa K\u1ef3 v\u00e0 c\u00e1c n\u01b0\u1edbc kh\u00e1c.<\/p><p>Ch\u00fang t\u00f4i c\u00f3 th\u1ec3 t\u00f9y ch\u1ec9nh c\u00e1c gi\u1ea3i ph\u00e1p thi\u1ebft k\u1ebf \u0111\u1ed9c \u0111\u00e1o cho kh\u00e1ch h\u00e0ng, cung c\u1ea5p b\u00e1o gi\u00e1 chi ti\u1ebft theo y\u00eau c\u1ea7u c\u1ee7a kh\u00e1ch h\u00e0ng, cung c\u1ea5p d\u1ecbch v\u1ee5 h\u01b0\u1edbng d\u1eabn sau b\u00e1n h\u00e0ng c\u1ea9n th\u1eadn theo trang web c\u1ee7a kh\u00e1ch h\u00e0ng.<\/p>\t\t\t\t\t\t\t\t<\/div> \t\t\t\t<\/div> \t\t\t\t<\/div> \t\t<div class=\"elementor-element elementor-element-f6f7185 e-con-full e-flex e-con e-child\" data-id=\"f6f7185\" data-element_type=\"container\" data-e-type=\"container\"> \t\t\t\t<div class=\"elementor-element elementor-element-539327b elementor-widget elementor-widget-image\" data-id=\"539327b\" data-element_type=\"widget\" data-e-type=\"widget\" data-widget_type=\"image.default\"> \t\t\t\t<div class=\"elementor-widget-container\"> \t\t\t\t\t\t\t\t\t\t\t\t\t\t\t<img decoding=\"async\" width=\"710\" height=\"588\" src=\"https:\/\/pastrymachinery.com\/wp-content\/uploads\/2021\/10\/the-worker.jpg\" class=\"attachment-full size-full wp-image-246\" alt=\"ng\u01b0\u1eddi lao \u0111\u1ed9ng\" srcset=\"https:\/\/pastrymachinery.com\/wp-content\/uploads\/2021\/10\/the-worker.jpg 710w, https:\/\/pastrymachinery.com\/wp-content\/uploads\/2021\/10\/the-worker-300x248.jpg 300w\" sizes=\"(max-width: 710px) 100vw, 710px\" title=\"\">\t\t\t\t\t\t\t\t\t\t\t\t\t\t\t<\/div> \t\t\t\t<\/div> \t\t\t\t<\/div> \t\t\t\t\t<\/div> \t\t\t\t<\/div> \t\t\t\t<\/div>","protected":false},"excerpt":{"rendered":"<p>About the company Zhengzhou Taizy Machinery Co., Ltd. is a professional pastry processing machinery company. Our company has been engaged in the production and sales of pastry machines for more than ten years. Our goal is to provide customers with high-quality and high-efficiency pastry machines. We provide pastry-making machines and production lines. Our main products [&hellip;]<\/p>\n","protected":false},"author":1,"featured_media":0,"parent":0,"menu_order":0,"comment_status":"closed","ping_status":"closed","template":"","meta":{"footnotes":""},"class_list":["post-146","page","type-page","status-publish","hentry"],"_links":{"self":[{"href":"https:\/\/pastrymachinery.com\/vi\/wp-json\/wp\/v2\/pages\/146","targetHints":{"allow":["GET"]}}],"collection":[{"href":"https:\/\/pastrymachinery.com\/vi\/wp-json\/wp\/v2\/pages"}],"about":[{"href":"https:\/\/pastrymachinery.com\/vi\/wp-json\/wp\/v2\/types\/page"}],"author":[{"embeddable":true,"href":"https:\/\/pastrymachinery.com\/vi\/wp-json\/wp\/v2\/users\/1"}],"replies":[{"embeddable":true,"href":"https:\/\/pastrymachinery.com\/vi\/wp-json\/wp\/v2\/comments?post=146"}],"version-history":[{"count":0,"href":"https:\/\/pastrymachinery.com\/vi\/wp-json\/wp\/v2\/pages\/146\/revisions"}],"wp:attachment":[{"href":"https:\/\/pastrymachinery.com\/vi\/wp-json\/wp\/v2\/media?parent=146"}],"curies":[{"name":"wp","href":"https:\/\/api.w.org\/{rel}","templated":true}]}}